{"id":537,"date":"2017-02-06T16:17:15","date_gmt":"2017-02-06T15:17:15","guid":{"rendered":"http:\/\/ekstrategy.com\/wir\/"},"modified":"2023-01-24T09:32:21","modified_gmt":"2023-01-24T08:32:21","slug":"biz","status":"publish","type":"page","link":"https:\/\/ekstrategy.com\/tr\/biz\/","title":{"rendered":"Hi\u00e7birimiz hepimiz kadar ak\u0131ll\u0131 ve zeki de\u011fildir."},"content":{"rendered":"","protected":false},"excerpt":{"rendered":"","protected":false},"author":1,"featured_media":0,"parent":0,"menu_order":0,"comment_status":"closed","ping_status":"closed","template":"","meta":[],"aioseo_notices":[],"_links":{"self":[{"href":"https:\/\/ekstrategy.com\/tr\/wp-json\/wp\/v2\/pages\/537"}],"collection":[{"href":"https:\/\/ekstrategy.com\/tr\/wp-json\/wp\/v2\/pages"}],"about":[{"href":"https:\/\/ekstrategy.com\/tr\/wp-json\/wp\/v2\/types\/page"}],"author":[{"embeddable":true,"href":"https:\/\/ekstrategy.com\/tr\/wp-json\/wp\/v2\/users\/1"}],"replies":[{"embeddable":true,"href":"https:\/\/ekstrategy.com\/tr\/wp-json\/wp\/v2\/comments?post=537"}],"version-history":[{"count":3,"href":"https:\/\/ekstrategy.com\/tr\/wp-json\/wp\/v2\/pages\/537\/revisions"}],"predecessor-version":[{"id":544,"href":"https:\/\/ekstrategy.com\/tr\/wp-json\/wp\/v2\/pages\/537\/revisions\/544"}],"wp:attachment":[{"href":"https:\/\/ekstrategy.com\/tr\/wp-json\/wp\/v2\/media?parent=537"}],"curies":[{"name":"wp","href":"https:\/\/api.w.org\/{rel}","templated":true}]}}