{"id":417,"date":"2015-05-08T18:40:42","date_gmt":"2015-05-08T16:40:42","guid":{"rendered":"http:\/\/ekstrategy.com\/wo\/?lang=tr"},"modified":"2023-04-13T17:56:09","modified_gmt":"2023-04-13T15:56:09","slug":"iletisim","status":"publish","type":"page","link":"https:\/\/ekstrategy.com\/tr\/iletisim\/","title":{"rendered":"\u0130LET\u0130\u015e\u0130M"},"content":{"rendered":"","protected":false},"excerpt":{"rendered":"","protected":false},"author":1,"featured_media":0,"parent":0,"menu_order":0,"comment_status":"closed","ping_status":"closed","template":"","meta":[],"aioseo_notices":[],"_links":{"self":[{"href":"https:\/\/ekstrategy.com\/tr\/wp-json\/wp\/v2\/pages\/417"}],"collection":[{"href":"https:\/\/ekstrategy.com\/tr\/wp-json\/wp\/v2\/pages"}],"about":[{"href":"https:\/\/ekstrategy.com\/tr\/wp-json\/wp\/v2\/types\/page"}],"author":[{"embeddable":true,"href":"https:\/\/ekstrategy.com\/tr\/wp-json\/wp\/v2\/users\/1"}],"replies":[{"embeddable":true,"href":"https:\/\/ekstrategy.com\/tr\/wp-json\/wp\/v2\/comments?post=417"}],"version-history":[{"count":5,"href":"https:\/\/ekstrategy.com\/tr\/wp-json\/wp\/v2\/pages\/417\/revisions"}],"predecessor-version":[{"id":476,"href":"https:\/\/ekstrategy.com\/tr\/wp-json\/wp\/v2\/pages\/417\/revisions\/476"}],"wp:attachment":[{"href":"https:\/\/ekstrategy.com\/tr\/wp-json\/wp\/v2\/media?parent=417"}],"curies":[{"name":"wp","href":"https:\/\/api.w.org\/{rel}","templated":true}]}}